{"id":6305,"date":"2024-01-18T22:28:56","date_gmt":"2024-01-19T01:28:56","guid":{"rendered":"https:\/\/allinteractive.com.br\/?page_id=6305"},"modified":"2026-05-05T19:58:39","modified_gmt":"2026-05-05T22:58:39","slug":"criacao","status":"publish","type":"page","link":"https:\/\/allinteractive.com.br\/index.php\/criacao\/","title":{"rendered":"CRIA\u00c7\u00c3O"},"content":{"rendered":"\n<p class=\"has-text-align-center has-vivid-cyan-blue-color has-text-color has-link-color has-medium-font-size wp-elements-9d514a8f5d953c19d1d413c7bd281fec\"><strong><em>Cria\u00e7\u00e3o de Neg\u00f3cios offline<\/em><\/strong><\/p>\n\n\n\n<p class=\"has-medium-font-size\"><\/p>\n\n\n\n<p><mark style=\"background-color:rgba(0, 0, 0, 0);color:#000000\" class=\"has-inline-color\"><strong><em>AI Startups e Empresas<\/em><\/strong><\/mark><\/p>\n\n\n\n<p class=\"has-white-color has-vivid-cyan-blue-background-color has-text-color has-background has-link-color wp-elements-42e53960f5710bd3af96a8db48a652b4\">\u25cf <strong><em>Resorts<\/em><\/strong> <\/p>\n\n\n\n<p class=\"has-white-color has-vivid-cyan-blue-background-color has-text-color has-background has-link-color wp-elements-b812d1c27b2729131e532caee1fc2d8b\">\u25cf <strong><em>Hot\u00e9is<\/em><\/strong> <\/p>\n\n\n\n<p class=\"has-white-color has-vivid-cyan-blue-background-color has-text-color has-background has-link-color wp-elements-55e4379146c2c42a7e37611f2f9ce866\"><strong><em>\u25cf Fazendas <\/em><\/strong><\/p>\n\n\n\n<p class=\"has-white-color has-vivid-cyan-blue-background-color has-text-color has-background has-link-color wp-elements-ea05e74c44f76691b02c1284aca01ee0\">\u25cf <\/p>\n\n\n\n<p class=\"has-white-color has-vivid-cyan-blue-background-color has-text-color has-background has-link-color wp-elements-ba1cdd248804c80dc4818a4198251940\">\u25cf <\/p>\n\n\n\n<p><\/p>\n\n\n\n<p><\/p>\n\n\n\n<p><\/p>\n","protected":false},"excerpt":{"rendered":"<p>Cria\u00e7\u00e3o de Neg\u00f3cios offline AI Startups e Empresas \u25cf Resorts \u25cf Hot\u00e9is \u25cf Fazendas \u25cf \u25cf<\/p>\n","protected":false},"author":2,"featured_media":0,"parent":0,"menu_order":0,"comment_status":"closed","ping_status":"closed","template":"","meta":{"_mi_skip_tracking":false,"_monsterinsights_sitenote_active":false,"_monsterinsights_sitenote_note":"","_monsterinsights_sitenote_category":0,"footnotes":""},"class_list":["post-6305","page","type-page","status-publish","hentry"],"blocksy_meta":[],"aioseo_notices":[],"_links":{"self":[{"href":"https:\/\/allinteractive.com.br\/index.php\/wp-json\/wp\/v2\/pages\/6305","targetHints":{"allow":["GET"]}}],"collection":[{"href":"https:\/\/allinteractive.com.br\/index.php\/wp-json\/wp\/v2\/pages"}],"about":[{"href":"https:\/\/allinteractive.com.br\/index.php\/wp-json\/wp\/v2\/types\/page"}],"author":[{"embeddable":true,"href":"https:\/\/allinteractive.com.br\/index.php\/wp-json\/wp\/v2\/users\/2"}],"replies":[{"embeddable":true,"href":"https:\/\/allinteractive.com.br\/index.php\/wp-json\/wp\/v2\/comments?post=6305"}],"version-history":[{"count":15,"href":"https:\/\/allinteractive.com.br\/index.php\/wp-json\/wp\/v2\/pages\/6305\/revisions"}],"predecessor-version":[{"id":9154,"href":"https:\/\/allinteractive.com.br\/index.php\/wp-json\/wp\/v2\/pages\/6305\/revisions\/9154"}],"wp:attachment":[{"href":"https:\/\/allinteractive.com.br\/index.php\/wp-json\/wp\/v2\/media?parent=6305"}],"curies":[{"name":"wp","href":"https:\/\/api.w.org\/{rel}","templated":true}]}}