{"id":2392,"date":"2022-07-05T17:39:43","date_gmt":"2022-07-05T20:39:43","guid":{"rendered":"https:\/\/allinteractive.com.br\/?page_id=2392"},"modified":"2024-05-01T13:15:12","modified_gmt":"2024-05-01T16:15:12","slug":"politica-de-privacidade-2","status":"publish","type":"page","link":"https:\/\/allinteractive.com.br\/index.php\/politica-de-privacidade-2\/","title":{"rendered":"Politica de Privacidade"},"content":{"rendered":"\n<p><\/p>\n\n\n\n<p><\/p>\n\n\n\n<p><\/p>\n\n\n\n<p><\/p>\n\n\n\n<p><\/p>\n\n\n\n<p>Politica de Privacidade<\/p>\n\n\n\n<p><\/p>\n\n\n\n<p><strong>1. O Aceite<\/strong><\/p>\n\n\n\n<p>Obrigado por escolher fazer parte de nossa comunidade em &nbsp;(&#8221;&nbsp;<strong>Empresa<\/strong>&nbsp;&#8220;, &#8221;&nbsp;<strong>n\u00f3s<\/strong>&nbsp;&#8220;, &#8221;&nbsp;<strong>nos<\/strong>&nbsp;&#8221; ou &#8221;&nbsp;<strong>nosso<\/strong>&nbsp;&#8220;).&nbsp;Estamos comprometidos em proteger suas informa\u00e7\u00f5es pessoais e seu direito \u00e0 privacidade.&nbsp;Se voc\u00ea tiver alguma d\u00favida ou preocupa\u00e7\u00e3o sobre este aviso de privacidade ou nossas pr\u00e1ticas em rela\u00e7\u00e3o \u00e0s suas informa\u00e7\u00f5es pessoais, entre em contato conosco pelo e-mail hello@allinteractive.com.br  <\/p>\n\n\n\n<p>Esta Pol\u00edtica de Privacidade descreve os dados pessoais que s\u00e3o coletados, como eles s\u00e3o usados, armazenados e compartilhados e os seus direitos em rela\u00e7\u00e3o a esses dados. <\/p>\n\n\n\n<p><strong>QUE INFORMA\u00c7\u00d5ES COLETAMOS?<\/strong><\/p>\n\n\n\n<p><strong>Informa\u00e7\u00f5es pessoais que voc\u00ea nos divulga<\/strong><\/p>\n\n\n\n<p><strong><em>Resumindo:<\/em><\/strong><em>&nbsp;Coletamos informa\u00e7\u00f5es pessoais que voc\u00ea nos fornece.<\/em><\/p>\n\n\n\n<p>Coletamos informa\u00e7\u00f5es pessoais que voc\u00ea nos fornece voluntariamente quando se registra no site, expressa interesse em obter informa\u00e7\u00f5es sobre n\u00f3s ou nossos produtos e servi\u00e7os, quando participa de atividades no site (como postar mensagens em nossa comunidade online ou  participando de nossos cursos, eventos, concursos ou brindes) ou de outra forma quando voc\u00ea entrar em contato conosco.<\/p>\n\n\n\n<p><strong>Informa\u00e7\u00f5es coletadas automaticamente<\/strong><\/p>\n\n\n\n<p><strong><em>Resumindo:<\/em><\/strong><em>&nbsp;Algumas informa\u00e7\u00f5es \u2014 como seu endere\u00e7o de protocolo de Internet (IP) e\/ou caracter\u00edsticas do navegador e do dispositivo \u2014 s\u00e3o coletadas automaticamente quando voc\u00ea visita nosso site.<\/em><\/p>\n\n\n\n<p>Coletamos automaticamente determinadas informa\u00e7\u00f5es quando voc\u00ea visita, usa ou navega no site.&nbsp;Essas informa\u00e7\u00f5es n\u00e3o revelam sua identidade espec\u00edfica (como seu nome ou informa\u00e7\u00f5es de contato), mas podem incluir informa\u00e7\u00f5es do dispositivo e de uso, como seu endere\u00e7o IP, caracter\u00edsticas do navegador e do dispositivo, sistema operacional, prefer\u00eancias de idioma, URLs de refer\u00eancia, nome do dispositivo, pa\u00eds, localiza\u00e7\u00e3o , informa\u00e7\u00f5es sobre como e quando voc\u00ea usa nosso site e outras informa\u00e7\u00f5es t\u00e9cnicas.&nbsp;Essas informa\u00e7\u00f5es s\u00e3o necess\u00e1rias principalmente para manter a seguran\u00e7a e a opera\u00e7\u00e3o do nosso site e para fins de an\u00e1lise e relat\u00f3rios internos.<\/p>\n\n\n\n<p><strong>COMO USAMOS SUAS INFORMA\u00c7\u00d5ES?<\/strong><\/p>\n\n\n\n<p><strong><em>Em resumo:<\/em><\/strong><em>&nbsp;processamos suas informa\u00e7\u00f5es para fins com base em interesses comerciais leg\u00edtimos, no cumprimento de nosso contrato com voc\u00ea, no cumprimento de nossas obriga\u00e7\u00f5es legais e\/ou em seu consentimento.<\/em><\/p>\n\n\n\n<p>Usamos as informa\u00e7\u00f5es pessoais coletadas por meio de nosso site para diversos fins comerciais descritos abaixo.&nbsp;Processamos suas informa\u00e7\u00f5es pessoais para esses fins com base em nossos interesses comerciais leg\u00edtimos, a fim de celebrar ou executar um contrato com voc\u00ea, com seu consentimento e\/ou para cumprir nossas obriga\u00e7\u00f5es legais.&nbsp;Indicamos os motivos de processamento espec\u00edficos nos quais confiamos ao lado de cada finalidade listada abaixo.<\/p>\n\n\n\n<p><strong>SUAS INFORMA\u00c7\u00d5ES SER\u00c3O COMPARTILHADAS COM ALGU\u00c9M?<\/strong><\/p>\n\n\n\n<p><strong><em>Resumindo:<\/em><\/strong><em>&nbsp;S\u00f3 compartilhamos informa\u00e7\u00f5es com o seu consentimento, para cumprir as leis, fornecer servi\u00e7os, proteger seus direitos ou cumprir obriga\u00e7\u00f5es comerciais.<\/em><\/p>\n\n\n\n<p>Podemos processar ou compartilhar seus dados que mantemos com base na seguinte base legal:<\/p>\n\n\n\n<ul class=\"wp-block-list\"><li><strong>Consentimento:<\/strong>&nbsp;Podemos processar seus dados se voc\u00ea nos der consentimento espec\u00edfico para usar suas informa\u00e7\u00f5es pessoais para uma finalidade espec\u00edfica.<\/li><li><strong>Interesses leg\u00edtimos:<\/strong>&nbsp;Podemos processar seus dados quando for razoavelmente necess\u00e1rio para alcan\u00e7ar nossos interesses comerciais leg\u00edtimos.<\/li><li><strong>Execu\u00e7\u00e3o de um contrato:<\/strong>&nbsp;Quando celebramos um contrato com voc\u00ea, podemos processar suas informa\u00e7\u00f5es pessoais para cumprir os termos de nosso contrato.<\/li><li><strong>Obriga\u00e7\u00f5es Legais:<\/strong>&nbsp;Podemos divulgar suas informa\u00e7\u00f5es quando formos legalmente obrigados a faz\u00ea-lo para cumprir a lei aplic\u00e1vel, solicita\u00e7\u00f5es governamentais, um processo judicial, ordem judicial ou processo legal, como em resposta a uma ordem judicial ou intima\u00e7\u00e3o ( inclusive em resposta \u00e0s autoridades p\u00fablicas para atender aos requisitos de seguran\u00e7a nacional ou de aplica\u00e7\u00e3o da lei).<\/li><li><strong>Interesses vitais:<\/strong>&nbsp;Podemos divulgar suas informa\u00e7\u00f5es onde acreditarmos ser necess\u00e1rio investigar, prevenir ou tomar medidas em rela\u00e7\u00e3o a poss\u00edveis viola\u00e7\u00f5es de nossas pol\u00edticas, suspeita de fraude, situa\u00e7\u00f5es envolvendo amea\u00e7as potenciais \u00e0 seguran\u00e7a de qualquer pessoa e atividades ilegais, ou como evid\u00eancia em lit\u00edgios em que estamos envolvidos.<\/li><\/ul>\n\n\n\n<p>Mais especificamente, podemos precisar processar seus dados ou compartilhar suas informa\u00e7\u00f5es pessoais nas seguintes situa\u00e7\u00f5es:<\/p>\n\n\n\n<ul class=\"wp-block-list\"><li><strong>Fornecedores, Consultores e Outros Prestadores de Servi\u00e7os Terceirizados. <\/strong>Podemos compartilhar seus dados com fornecedores terceirizados, prestadores de servi\u00e7os, contratados ou agentes que prestam servi\u00e7os para n\u00f3s ou em nosso nome e exigem acesso a essas informa\u00e7\u00f5es para realizar esse trabalho.&nbsp;<\/li><li><strong>Parceiros de neg\u00f3cios.&nbsp;<\/strong>Podemos compartilhar suas informa\u00e7\u00f5es com nossos parceiros de neg\u00f3cios para oferecer a voc\u00ea determinados produtos, servi\u00e7os ou promo\u00e7\u00f5es.<\/li><li><strong>Outros usu\u00e1rios.&nbsp;<\/strong>Quando voc\u00ea compartilha informa\u00e7\u00f5es pessoais ou interage de outra forma com \u00e1reas p\u00fablicas do site, essas informa\u00e7\u00f5es pessoais podem ser visualizadas por todos os usu\u00e1rios e podem ser disponibilizadas publicamente fora do site em perpetuidade. Da mesma forma, outros usu\u00e1rios poder\u00e3o visualizar descri\u00e7\u00f5es de sua atividade, comunicar com voc\u00ea em nosso site e visualizar seu perfil.<\/li><\/ul>\n\n\n\n<p><strong>POR QUANTO TEMPO GUARDAMOS SUAS INFORMA\u00c7\u00d5ES?<\/strong><\/p>\n\n\n\n<p><strong><em>Resumindo:<\/em><\/strong><em>&nbsp;Mantemos suas informa\u00e7\u00f5es pelo tempo necess\u00e1rio para cumprir os prop\u00f3sitos descritos neste aviso de privacidade, a menos que exigido por lei.<\/em><\/p>\n\n\n\n<p>Manteremos suas informa\u00e7\u00f5es pessoais apenas pelo tempo necess\u00e1rio para os fins estabelecidos neste aviso de privacidade, a menos que um per\u00edodo de reten\u00e7\u00e3o mais longo seja exigido ou permitido por lei (como impostos, contabilidade ou outros requisitos legais).&nbsp;Nenhuma finalidade neste aviso exigir\u00e1 que mantenhamos suas informa\u00e7\u00f5es pessoais por mais tempo do que o per\u00edodo em que os usu\u00e1rios t\u00eam uma conta conosco.<\/p>\n\n\n\n<p><strong><em>Resumindo:<\/em><\/strong><em>&nbsp;Nosso objetivo \u00e9 proteger suas informa\u00e7\u00f5es pessoais por meio de um sistema de medidas de seguran\u00e7a organizacionais e t\u00e9cnicas.<\/em><\/p>\n\n\n\n<p><strong>QUAIS S\u00c3O OS SEUS DIREITOS DE PRIVACIDADE?<\/strong><\/p>\n\n\n\n<p><strong><em>Resumindo:<\/em><\/strong><em>&nbsp; voc\u00ea tem direitos que permitem maior acesso e controle sobre suas informa\u00e7\u00f5es pessoais.&nbsp;Voc\u00ea pode revisar, alterar ou encerrar sua conta a qualquer momento.<\/em><\/p>\n\n\n\n<p><strong>Informa\u00e7\u00e3o da conta<\/strong><\/p>\n\n\n\n<p>Se voc\u00ea quiser, a qualquer momento, revisar ou alterar as informa\u00e7\u00f5es em sua conta ou encerrar sua conta, voc\u00ea pode:<\/p>\n\n\n\n<p>Mediante sua solicita\u00e7\u00e3o para encerrar sua conta, desativaremos ou excluiremos sua conta e informa\u00e7\u00f5es de nossos bancos de dados ativos.&nbsp;No entanto, podemos reter algumas informa\u00e7\u00f5es em nossos arquivos para evitar fraudes, solucionar problemas, auxiliar em quaisquer investiga\u00e7\u00f5es, fazer cumprir nossos Termos de Uso e\/ou cumprir os requisitos legais aplic\u00e1veis. <\/p>\n\n\n\n<p><strong>COMO VOC\u00ca PODE REVISAR, ATUALIZAR OU EXCLUIR OS DADOS QUE COLETAMOS DE VOC\u00ca?<\/strong> Com base nas leis aplic\u00e1veis \u200b\u200bdo seu pa\u00eds, voc\u00ea pode ter o direito de solicitar acesso \u00e0s informa\u00e7\u00f5es pessoais que coletamos de voc\u00ea, alterar essas informa\u00e7\u00f5es ou exclu\u00ed-las em algumas circunst\u00e2ncias.&nbsp;Para solicitar a revis\u00e3o, atualiza\u00e7\u00e3o ou exclus\u00e3o de suas informa\u00e7\u00f5es pessoais entre contato. <\/p>\n\n\n\n<p><strong>2. Dados Coletados<\/strong><\/p>\n\n\n\n<p>A All Interactive coleta todos os Dados inseridos pelo Usu\u00e1rio na Plataforma, tais como:<\/p>\n\n\n\n<p>nome completo;<\/p>\n\n\n\n<p>data de nascimento;<\/p>\n\n\n\n<p>endere\u00e7o de e-mail;<\/p>\n\n\n\n<p>n\u00famero de inscri\u00e7\u00e3o no Cadastro de Pessoas F\u00edsicas (CPF);<\/p>\n\n\n\n<p>endere\u00e7o;<\/p>\n\n\n\n<p>n\u00famero de telefone.<\/p>\n\n\n\n<p>Tamb\u00e9m s\u00e3o coletados alguns Dados automaticamente quando o Usu\u00e1rio acessa nossa plataforma, como:<\/p>\n\n\n\n<p>caracter\u00edsticas do dispositivo de acesso;<\/p>\n\n\n\n<p>dados do navegador utilizado para o acesso;<\/p>\n\n\n\n<p>protocolo de Internet (IP, data, hora, minuto e segundo);<\/p>\n\n\n\n<p>identifica\u00e7\u00e3o das p\u00e1ginas acessadas durante e ap\u00f3s o uso da Plataforma;<\/p>\n\n\n\n<p>fonte de acesso.<\/p>\n\n\n\n<p><strong>3. Utiliza\u00e7\u00e3o e Tratamento dos Dados<\/strong><\/p>\n\n\n\n<p>Os Dados que coletamos dos Usu\u00e1rios s\u00e3o arquivados em nossa base de dados e tratados para:<\/p>\n\n\n\n<p>Apresentar a Plataforma de uma maneira personalizada ao Usu\u00e1rio;<\/p>\n\n\n\n<p>Customizar, personalizar e adaptar os conte\u00fados oferecidos ao Usu\u00e1rio;<\/p>\n\n\n\n<p>Comunicar-se com Usu\u00e1rio e responder suas comunica\u00e7\u00f5es;<\/p>\n\n\n\n<p>Verificar a identidade do Usu\u00e1rio;<\/p>\n\n\n\n<p>Fornecer informa\u00e7\u00f5es, produtos ou servi\u00e7os que o Usu\u00e1rio solicitou;<\/p>\n\n\n\n<p>Fornecer avisos sobre a conta do Usu\u00e1rio, bem como as intera\u00e7\u00f5es realizadas nelas;<\/p>\n\n\n\n<p>Notificar o Usu\u00e1rio sobre atualiza\u00e7\u00f5es na Plataforma, na Pol\u00edtica ou nos Termos de Uso da Plataforma;<\/p>\n\n\n\n<p>Melhorar a qualidade dos Servi\u00e7os, podendo realizar an\u00e1lises estat\u00edsticas, emp\u00edricas, quantitativas ou qualitativas das caracter\u00edsticas e do comportamento coletivos dos Usu\u00e1rios;<\/p>\n\n\n\n<p>Modifica\u00e7\u00e3o das atividades da Plataforma;<\/p>\n\n\n\n<p>Mapear servi\u00e7os ou cursos ofertados na Plataforma que o Usu\u00e1rio acessou;<\/p>\n\n\n\n<p>Permitir o envio de ofertas ou descontos em cursos, atividades ou outros servi\u00e7os, que possam ser de interesse do Usu\u00e1rio;<\/p>\n\n\n\n<p>Permitir a comunica\u00e7\u00e3o entre o Usu\u00e1rio e os tutor dos cursos, inclusive mediante o envio e recebimento de e-mails.<\/p>\n\n\n\n<p>O Usu\u00e1rio que n\u00e3o desejar receber e-mails promocionais dever\u00e1 se descadastrar ao final dos e-mails ou entrar em contato com a All Interactive por meio de qualquer canal de comunica\u00e7\u00e3o.<\/p>\n\n\n\n<p>O Usu\u00e1rio que n\u00e3o desejar receber contato via WhatsApp ou Telegram dever\u00e1 informar no primeiro contato realizado ou entrar em contato com a All Interactive por meio de qualquer canal de comunica\u00e7\u00e3o.<\/p>\n\n\n\n<p><strong>4. Cookies<\/strong><\/p>\n\n\n\n<p>A All Interactive utiliza a tecnologia de Cookies, que s\u00e3o pequenos arquivos usados para reconhecer, acompanhar e armazenar a sua navega\u00e7\u00e3o na Internet.<\/p>\n\n\n\n<p>Os cookies, ou tecnologias semelhantes, s\u00e3o utilizados para todos os fins previstos no item 3 desta Pol\u00edtica, principalmente para a personaliza\u00e7\u00e3o de conte\u00fado e an\u00fancios.<\/p>\n\n\n\n<p>Voc\u00ea pode alterar as configura\u00e7\u00f5es do seu navegador para bloquear cookies ou gerenciar o seu uso, bloqueando cookies de todos os sites ou de sites espec\u00edficos. \u00c9 poss\u00edvel que o funcionamento da Plataforma seja prejudicado por tal bloqueio. Consulte as instru\u00e7\u00f5es do seu navegador para saber mais como configurar o uso de cookies.<\/p>\n\n\n\n<p><strong>5. Armazenamento dos Dados<\/strong><\/p>\n\n\n\n<p>As informa\u00e7\u00f5es dos Usu\u00e1rios ser\u00e3o armazenadas pela All Interactive, em servidores pr\u00f3prios ou por ela contratados, que podem estar localizados no Brasil ou em territ\u00f3rio estrangeiro. Por isso, Voc\u00ea consente que seus Dados sejam transferidos internacionalmente, podendo, assim, ser transferidos, armazenados e tratados no Brasil ou em territ\u00f3rio estrangeiro.<\/p>\n\n\n\n<p>A All Interactive tomar\u00e1 as seguintes medidas para a prote\u00e7\u00e3o aos Dados:<\/p>\n\n\n\n<p>Utiliza\u00e7\u00e3o de criptografia para proteger os Dados coletados;<\/p>\n\n\n\n<p>Utiliza\u00e7\u00e3o de software de prote\u00e7\u00e3o contra acesso n\u00e3o autorizado aos nossos sistemas;<\/p>\n\n\n\n<p>Utiliza\u00e7\u00e3o de sistema de controle de acesso aos Dados para que somente as pessoas previamente autorizadas tenham acesso a eles, com finalidades espec\u00edficas;<\/p>\n\n\n\n<p>Ado\u00e7\u00e3o de pol\u00edticas internas de conformidade para assegurar o sigilo e a responsabilidade de seus colaboradores no tratamento dos Dados.<\/p>\n\n\n\n<p>Esta Pol\u00edtica representa o esfor\u00e7o da All Interactive para resguardar os Dados dos Usu\u00e1rios da Plataforma. No entanto, em raz\u00e3o da pr\u00f3pria natureza da Internet, n\u00e3o \u00e9 poss\u00edvel garantir que terceiros mal-intencionados n\u00e3o obtenham sucesso em acessar indevidamente as informa\u00e7\u00f5es armazenadas (\u201cIncidente de Seguran\u00e7a\u201d). Caso ocorra qualquer Incidente de Seguran\u00e7a com os seus Dados, tomaremos todas as medidas exigidas legalmente para sua prote\u00e7\u00e3o e para inform\u00e1-lo, assim que poss\u00edvel, sobre o ocorrido.<\/p>\n\n\n\n<p><strong>6. Exclus\u00e3o dos Dados e Contato<\/strong><\/p>\n\n\n\n<p>Voc\u00ea poder\u00e1 solicitar a exclus\u00e3o dos seus Dados por meio dos canais de contato da All Interactive ou pelo e-mail&nbsp;<a href=\"mailto:hello@allinteractive.com.br\">hello@allinteractive.com.br<\/a> &nbsp;A All Interactive reserva para si o direito de manter armazenados todos os Dados necess\u00e1rios ao cumprimento da legisla\u00e7\u00e3o brasileira vigente, mesmo em caso de requisi\u00e7\u00e3o de sua exclus\u00e3o.<\/p>\n\n\n\n<p><\/p>\n\n\n\n<p><\/p>\n\n\n\n<p><\/p>\n\n\n\n<p><\/p>\n","protected":false},"excerpt":{"rendered":"<p>Politica de Privacidade 1. O Aceite Obrigado por escolher fazer parte de nossa comunidade em &nbsp;(&#8221;&nbsp;Empresa&nbsp;&#8220;, &#8221;&nbsp;n\u00f3s&nbsp;&#8220;, &#8221;&nbsp;nos&nbsp;&#8221; ou &#8221;&nbsp;nosso&nbsp;&#8220;).&nbsp;Estamos comprometidos em proteger suas informa\u00e7\u00f5es pessoais e seu direito \u00e0 privacidade.&nbsp;Se voc\u00ea tiver alguma d\u00favida ou preocupa\u00e7\u00e3o sobre este aviso de privacidade ou nossas pr\u00e1ticas em rela\u00e7\u00e3o \u00e0s suas informa\u00e7\u00f5es pessoais, entre em contato conosco [&hellip;]<\/p>\n","protected":false},"author":2,"featured_media":0,"parent":0,"menu_order":0,"comment_status":"closed","ping_status":"closed","template":"","meta":{"_mi_skip_tracking":false,"_monsterinsights_sitenote_active":false,"_monsterinsights_sitenote_note":"","_monsterinsights_sitenote_category":0,"footnotes":""},"class_list":["post-2392","page","type-page","status-publish","hentry"],"blocksy_meta":{"styles_descriptor":{"styles":{"desktop":"","tablet":"","mobile":""},"google_fonts":[],"version":6}},"aioseo_notices":[],"_links":{"self":[{"href":"https:\/\/allinteractive.com.br\/index.php\/wp-json\/wp\/v2\/pages\/2392","targetHints":{"allow":["GET"]}}],"collection":[{"href":"https:\/\/allinteractive.com.br\/index.php\/wp-json\/wp\/v2\/pages"}],"about":[{"href":"https:\/\/allinteractive.com.br\/index.php\/wp-json\/wp\/v2\/types\/page"}],"author":[{"embeddable":true,"href":"https:\/\/allinteractive.com.br\/index.php\/wp-json\/wp\/v2\/users\/2"}],"replies":[{"embeddable":true,"href":"https:\/\/allinteractive.com.br\/index.php\/wp-json\/wp\/v2\/comments?post=2392"}],"version-history":[{"count":16,"href":"https:\/\/allinteractive.com.br\/index.php\/wp-json\/wp\/v2\/pages\/2392\/revisions"}],"predecessor-version":[{"id":7083,"href":"https:\/\/allinteractive.com.br\/index.php\/wp-json\/wp\/v2\/pages\/2392\/revisions\/7083"}],"wp:attachment":[{"href":"https:\/\/allinteractive.com.br\/index.php\/wp-json\/wp\/v2\/media?parent=2392"}],"curies":[{"name":"wp","href":"https:\/\/api.w.org\/{rel}","templated":true}]}}